{"id":306,"date":"2022-03-24T14:18:45","date_gmt":"2022-03-24T14:18:45","guid":{"rendered":"https:\/\/economy.studiamsu.md\/?page_id=306"},"modified":"2022-03-24T14:20:11","modified_gmt":"2022-03-24T14:20:11","slug":"ghidul-publicarii","status":"publish","type":"page","link":"https:\/\/economy.studiamsu.md\/en\/ghidul-publicarii\/","title":{"rendered":"Ghidul public\u0103rii"},"content":{"rendered":"<p><strong>Cerin\u021be de redactare <\/strong><\/p>\n<p>Revista \u0219tiin\u021bific\u0103<strong>\u00a0<\/strong><em>Studia Universitatis Moldaviae<\/em>\u00a0nu va \u00eencepe procesul de evaluare a \u00a0articolelor care nu respect\u0103 cerin\u021bele de redactare.<\/p>\n<p>Cerin\u021bele de redactare pot varia \u00een func\u021bie de seria revistei SUM.<\/p>\n<p>Prin urmare, autorii sunt \u00eendemna\u021bi s\u0103 se informeze cu aten\u021biei privitor la normele de redactare a articolelor, pentru a se asigura de publicarea lucr\u0103rii, acces\u00e2nd site-ul seriei corespunz\u0103toare.<\/p>\n<p>Articolul (6-15 pagini) se va prezinta \u00een editorul <em><i>Word<\/i><\/em>\u00a0(format electronic) \u00eempreun\u0103 cu un exemplar imprimat (cu contrast bun),\u00a0semnat de to\u0163i autorii \u0219i va fi trimis la adresa electronic\u0103:\u00a0<a href=\"mailto:contact.sum@usm.md\">contact.sum@usm.md<\/a><\/p>\n<p>La depunerea articolelor, autorii completeaz\u0103 o declara\u0163ie pe propria r\u0103spundere \u00een privin\u0163a autenticit\u0103\u0163ii lucr\u0103rii.<\/p>\n<p>Autorii acord\u0103 revistei <strong><em>Studia Universitatis<\/em><\/strong>\u00a0<strong><em>Moldaviae<\/em><\/strong>\u00a0dreptul de publicare \u00een exclusivitate.<\/p>\n<p>Articolul va con\u021bine un limbaj \u0219tiin\u021bific, textul p\u0103str\u00e2nd caracterul coerent \u0219i coeziv al lucr\u0103rii, va con\u0163ine data prezent\u0103rii \u0219i se vor respecta cerin\u021bele de tehnoredactare.<\/p>\n<p>Toate articolele publicate din cadrul proiectelor de cercetare trebuie s\u0103 con\u021bin\u0103, \u00een mod obligatoriu, denumirea proiectului \u0219i cifrul acestuia.<\/p>\n<p>Conform ordinului nr.182 din 17.09.2021 emis de Rectorul USM, revista nu percepe taxe pentru publicarea articolelor.<\/p>\n<p>Autorii vor fi anun\u021ba\u021bi prin e-mail dac\u0103 articolul este acceptat pentru publicare sau necesit\u0103 modific\u0103ri.<\/p>","protected":false},"excerpt":{"rendered":"<p>Cerin\u021be de redactare Revista \u0219tiin\u021bific\u0103\u00a0Studia Universitatis Moldaviae\u00a0nu va \u00eencepe procesul de evaluare a \u00a0articolelor care nu respect\u0103 cerin\u021bele de redactare. Cerin\u021bele de redactare pot varia \u00een func\u021bie de seria revistei SUM. Prin urmare, autorii sunt \u00eendemna\u021bi s\u0103 se informeze cu aten\u021biei privitor la normele de redactare a articolelor, pentru a se asigura de publicarea lucr\u0103rii,&#8230;<\/p>\n","protected":false},"author":1,"featured_media":0,"parent":0,"menu_order":0,"comment_status":"closed","ping_status":"closed","template":"","meta":{"footnotes":""},"class_list":["post-306","page","type-page","status-publish","hentry"],"_links":{"self":[{"href":"https:\/\/economy.studiamsu.md\/en\/wp-json\/wp\/v2\/pages\/306","targetHints":{"allow":["GET"]}}],"collection":[{"href":"https:\/\/economy.studiamsu.md\/en\/wp-json\/wp\/v2\/pages"}],"about":[{"href":"https:\/\/economy.studiamsu.md\/en\/wp-json\/wp\/v2\/types\/page"}],"author":[{"embeddable":true,"href":"https:\/\/economy.studiamsu.md\/en\/wp-json\/wp\/v2\/users\/1"}],"replies":[{"embeddable":true,"href":"https:\/\/economy.studiamsu.md\/en\/wp-json\/wp\/v2\/comments?post=306"}],"version-history":[{"count":2,"href":"https:\/\/economy.studiamsu.md\/en\/wp-json\/wp\/v2\/pages\/306\/revisions"}],"predecessor-version":[{"id":309,"href":"https:\/\/economy.studiamsu.md\/en\/wp-json\/wp\/v2\/pages\/306\/revisions\/309"}],"wp:attachment":[{"href":"https:\/\/economy.studiamsu.md\/en\/wp-json\/wp\/v2\/media?parent=306"}],"curies":[{"name":"wp","href":"https:\/\/api.w.org\/{rel}","templated":true}]}}