{"id":302,"date":"2022-03-24T14:18:15","date_gmt":"2022-03-24T14:18:15","guid":{"rendered":"https:\/\/economy.studiamsu.md\/?page_id=302"},"modified":"2026-04-08T10:44:15","modified_gmt":"2026-04-08T10:44:15","slug":"publication-etics","status":"publish","type":"page","link":"https:\/\/economy.studiamsu.md\/en\/publication-etics\/","title":{"rendered":"Publication Etics"},"content":{"rendered":"<p>Principiile etice ale revistei \u0219tiin\u021bifice<strong>\u00a0<\/strong><em>Studia Universitatis Moldaviae <\/em>se bazeaz\u0103 pe politicile practicate de COPE (<a href=\"https:\/\/authorservices.wiley.com\/ethics-guidelines\/index.html\"><u>Best Practice Guidelines on Research Integrity and Publishing Ethics<\/u><\/a>) \u0219i Elsevier (<a href=\"https:\/\/www.elsevier.com\/about\/policies\/publishing-ethics\"><u>Publishing Ethics<\/u><\/a>).<\/p>\n<p>Universitatea de Stat din Moldova, \u00een calitate de fondator al revistei <em>Studia Universitatis Moldaviae,<\/em>\u00a0\u00ee\u0219i asum\u0103 responsabilitatea de a reflecta cea mai \u00eenalt\u0103 calitate a principiilor etice \u0219i se angajeaz\u0103 s\u0103 respecte \u0219i s\u0103 sus\u021bin\u0103 standardele de comportament etic la toate etapele procesului de editare a revistei.<\/p>\n<p>Politica Editorial\u0103:<\/p>\n<ul>\n<li>Cititorii pot studia, desc\u0103rca \u0219i\/sau tip\u0103ri articole cu acces deschis \u0219i f\u0103r\u0103 costuri.<\/li>\n<li>Articolele sunt licen\u021biate \u00een conformitate cu termenii Licen\u021bei Creative Commons Attribution (CC-BY)<a id=\"anchor-c0cc2f55-8648-de79-f972-08983aa85707\" title=\"https:\/\/economy.studiamsu.md\/en\/publication-etics\/\" href=\"https:\/\/economy.studiamsu.md\/en\/publication-etics\/\" target=\"_blank\" rel=\"noopener noreferrer\" data-auth=\"NotApplicable\" data-linkindex=\"0\" data-olk-copy-source=\"MessageBody\">Studia Universitatis Moldaviae, Economy and Communication Science<\/a>\u00a0\u00a9 2022 by\u00a0<a title=\"https:\/\/studiamsu.md\/\" href=\"https:\/\/studiamsu.md\/\" target=\"_blank\" rel=\"noopener noreferrer\" data-auth=\"NotApplicable\" data-linkindex=\"1\">Moldova State University<\/a>\u00a0is licensed under\u00a0<a title=\"https:\/\/creativecommons.org\/licenses\/by\/4.0\/\" href=\"https:\/\/creativecommons.org\/licenses\/by\/4.0\/\" target=\"_blank\" rel=\"noopener noreferrer\" data-auth=\"NotApplicable\" data-linkindex=\"2\">CC BY 4.0<\/a><img loading=\"lazy\" decoding=\"async\" class=\"\" src=\"https:\/\/mirrors.creativecommons.org\/presskit\/icons\/cc.svg\" width=\"16\" height=\"16\" data-imagetype=\"External\" \/><img loading=\"lazy\" decoding=\"async\" class=\"\" src=\"https:\/\/mirrors.creativecommons.org\/presskit\/icons\/by.svg\" width=\"16\" height=\"16\" data-imagetype=\"External\" \/>, care permite utilizarea, distribuirea \u0219i reproducerea f\u0103r\u0103 restric\u021bii, cu condi\u021bia ca lucrarea s\u0103 fie citat\u0103 \u00een mod corespunz\u0103tor<\/li>\n<li>Prevenirea plagiatului: Revista \u0219tiin\u021bific\u0103<em>Studia Universitatis Moldaviae <\/em>folose\u0219te sistemul privind verificarea la antiplagiere pentru a detecta cazurile de suprapunere \u0219i text similar \u00een articolele primite. Sistemul genereaz\u0103 un raport de similaritate, eviden\u021biind suprapunerea procentual\u0103 dintre articolul \u00eenc\u0103rcat \u0219i materialul publicat. Orice exemplu de suprapunere a con\u021binutului este analizat \u00een continuare de exper\u021bi din domeniu pentru a lua decizia dac\u0103 se permite publicarea materialului, \u00een dependen\u021b\u0103 de procentul de similitudine \u0219i tipul de \u201eplagiere\u201d.<\/li>\n<li>Articolele \u00a0primite care con\u021bin text plagiat sunt respinse.=<\/li>\n<li>Responsabilitatea pentru con\u021binutul publicat \u00een revista <em>Studia Universitatis Moldaviae<\/em>, inclusiv orice opinii, idei exprimate, revine exclusiv autorului (autorilor).<\/li>\n<\/ul>\n<p>&nbsp;<\/p>\n<p><strong><b>Drepturile \u0219i responsabilit\u0103\u021bile autorului:<\/b><\/strong><\/p>\n<p>Autorul poate \u00eenainta spre publicare \u00een revista materiale \u0219tiin\u021bifice originale care s\u0103 respecte cerin\u021bele de redactare \u0219i principiile etice.<\/p>\n<p>Autorul va avea parte de transparen\u021b\u0103 decizional\u0103 din partea editorului, va fi informat la toate etapele de lucru cu articolul \u0219i despre decizia recenzen\u021bilor \u0219i a redactorilor.<\/p>\n<p>Autorii \u00ee\u0219i p\u0103streaz\u0103 dreptul de autor asupra articolelor f\u0103r\u0103 restric\u021bii \u0219i acord\u0103 revistei SUM dreptul primei public\u0103ri.<\/p>\n<p>Autorul \u00ee\u0219i asum\u0103 \u00een totalitate responsabilitatea pentru articolele \u00eenaintate spre publicare \u00een revista \u0219tiin\u021bific\u0103 <em>Studia Universitatis Moldaviae<\/em>.<\/p>\n<p><strong>\u00a0<\/strong><\/p>\n<p><strong><b>Drepturile \u0219i responsabilit\u0103\u021bile editorului:<\/b><\/strong><\/p>\n<p>Editorul \u00ee\u0219i asum\u0103 responsabilitatea de a organiza \u00eentreg procesulul de publicare a articolelor care corespund tuturor cerin\u021belor revistei.<\/p>\n<p>Redac\u021bia va asigura procesul de recep\u021bionare, recenzare, verificare prin sistemul antiplagiat, redactare, machetare \u0219i preg\u0103tirea pentru tipar a articolelor \u0219tiin\u021bifice aprobate.<\/p>\n<p>Secretarul redac\u021biei va comunica cu autorul la toate etapele de lucru cu articolul \u00een scopul \u00eembun\u0103t\u0103\u021birii calit\u0103\u021bii acestuia \u0219i va ob\u021bine confirmarea autorului \u00een privin\u021ba tuturor modific\u0103rilor operate asupra articolului \u00eenainte de publicare.<\/p>\n<p>Editorul va respinge lucr\u0103rile care nu corespund normelor politicii editoriale a Eticii \u0218tiin\u021bifice. \u00cen cazul \u00een care autorul \u00ee\u0219i va \u00eembun\u0103t\u0103\u021bi articolul respins, acesta va putea fi publicat \u00eentr-un num\u0103r ulterior al revistei.<\/p>\n<p>Se vor admite spre publicare doar articolele care con\u021bin contribu\u021bii originale, exclud plagiatul, editarea multipl\u0103, erorile \u0219i falsurile \u0219tiin\u021bifice.<\/p>\n<p>&nbsp;<\/p>\n<p><strong>Organizarea procesului de recenzare: <\/strong><\/p>\n<p>Revista \u0219tiin\u021bific\u0103<strong>\u00a0<\/strong><em>Studia Universitatis Moldaviae <\/em>urmeaz\u0103 procedura de dubl\u0103 recenzare a tuturor articolelor primate la redac\u021bie.<\/p>\n<p>Colegiul de redac\u021bie al fiec\u0103rei serii a revistei este responsabil de organizarea procesului de recenzare a articolelor.<\/p>\n<p>Recenzen\u021bii sunt selecta\u021bi dintr-un registru al colegiului de redac\u021bie din domeniul cercet\u0103rii, care de\u021bin titlul \u0219tiin\u021bific de doctor \u00een \u0219tiin\u021be sau alte acte care \u00eei confirm\u0103 titlul de specialist calificat \u00een domeniul cercet\u0103rii.<\/p>\n<p>Recenzen\u021bii ajut\u0103 editorul \u00een luarea deciziei privind aprobarea articolelor spre publicare, prin sugestiile acordate de a \u00eembun\u0103t\u0103\u021bi calitatea unor articole sau confirmarea respect\u0103rii tuturor standardelor \u0219i principiilor etice a acestora.<\/p>\n<p>Procesul de recenzare are caracter anonim: autorii nu cunosc identitatea recenzen\u021bilor, iar recenzen\u021bii nu cunosc identitatea autorilor.<\/p>\n<p>Fiecare articol primit pentru recenzare este tratat ca un document confiden\u021bial.<\/p>\n<p>Recenzen\u021bii nu au dreptul s\u0103 evalueze articolele \u00een care s-ar putea identifica un poten\u021bial conflict de interese, conexiuni de competitivitate sau colaborare.<\/p>\n<p>Informa\u021biile \u0219i ideile prezentate \u00een articole sunt tratate confiden\u021bial f\u0103r\u0103 a fi utilizate \u00een avantajul personal al recenzen\u021bilor.<\/p>","protected":false},"excerpt":{"rendered":"<p>Principiile etice ale revistei \u0219tiin\u021bifice\u00a0Studia Universitatis Moldaviae se bazeaz\u0103 pe politicile practicate de COPE (Best Practice Guidelines on Research Integrity and Publishing Ethics) \u0219i Elsevier (Publishing Ethics). Universitatea de Stat din Moldova, \u00een calitate de fondator al revistei Studia Universitatis Moldaviae,\u00a0\u00ee\u0219i asum\u0103 responsabilitatea de a reflecta cea mai \u00eenalt\u0103 calitate a principiilor etice \u0219i se&#8230;<\/p>\n","protected":false},"author":1,"featured_media":0,"parent":0,"menu_order":0,"comment_status":"closed","ping_status":"closed","template":"","meta":{"footnotes":""},"class_list":["post-302","page","type-page","status-publish","hentry"],"_links":{"self":[{"href":"https:\/\/economy.studiamsu.md\/en\/wp-json\/wp\/v2\/pages\/302","targetHints":{"allow":["GET"]}}],"collection":[{"href":"https:\/\/economy.studiamsu.md\/en\/wp-json\/wp\/v2\/pages"}],"about":[{"href":"https:\/\/economy.studiamsu.md\/en\/wp-json\/wp\/v2\/types\/page"}],"author":[{"embeddable":true,"href":"https:\/\/economy.studiamsu.md\/en\/wp-json\/wp\/v2\/users\/1"}],"replies":[{"embeddable":true,"href":"https:\/\/economy.studiamsu.md\/en\/wp-json\/wp\/v2\/comments?post=302"}],"version-history":[{"count":5,"href":"https:\/\/economy.studiamsu.md\/en\/wp-json\/wp\/v2\/pages\/302\/revisions"}],"predecessor-version":[{"id":666,"href":"https:\/\/economy.studiamsu.md\/en\/wp-json\/wp\/v2\/pages\/302\/revisions\/666"}],"wp:attachment":[{"href":"https:\/\/economy.studiamsu.md\/en\/wp-json\/wp\/v2\/media?parent=302"}],"curies":[{"name":"wp","href":"https:\/\/api.w.org\/{rel}","templated":true}]}}