{"id":298,"date":"2022-03-24T14:17:36","date_gmt":"2022-03-24T14:17:36","guid":{"rendered":"https:\/\/economy.studiamsu.md\/?page_id=298"},"modified":"2022-05-11T11:45:57","modified_gmt":"2022-05-11T11:45:57","slug":"peer-review-policy","status":"publish","type":"page","link":"https:\/\/economy.studiamsu.md\/en\/peer-review-policy\/","title":{"rendered":"Peer review Policy"},"content":{"rendered":"<p>Colegiul de redac\u021bie al fiec\u0103rei serii a Revistei este responsabil de organizarea procesului de recenzare a articolelor.<\/p>\n<p>Fiecare articol ajuns la redac\u021bie este \u00eenregistrat, este trimis responsabilului de verificare prin sistemul antiplagiat, dup\u0103 care este trimis c\u0103tre doi exper\u021bi din domeniul cercet\u0103rii spre recenzare.<\/p>\n<p>Secretarul de redac\u021bie transmite autorilor obiec\u021biile \u0219i sugestiile recenzen\u021bilor, menite a \u00eembun\u0103t\u0103\u021bi calitatea \u0219tiin\u021bific\u0103 a articolului.<\/p>\n<p>Pentru a fi publicat, fiecare articol are nevoie de dou\u0103 recenzii favorabile. \u00cen cazul \u00een care articolul a ob\u021binut o recenzie negativ\u0103 acesta este \u00eentors autorului pentru a fi ref\u0103cut.<\/p>\n<p>Colegiul de redac\u021bie al revistei are dreptul de a retrage orice articol de pe site, din bazele de date interna\u021bionale \u0219i\/sau de pe platforme \u0219tiin\u021bifice \u00een care este indexat\u0103 revista, dac\u0103 s-a descoperit c\u0103 s-au \u00eenc\u0103lcat de c\u0103tre autor\/autori principiile etice ale cercet\u0103rii \u0219tiin\u021bifice.<\/p>\n<p>Articolele vor fi evaluate de recenzen\u021bi \u00een timpul stabilit de colegiul de redac\u021bie, conform fi\u0219ei aprobate.<\/p>\n<p>Recenzen\u021bii vor evalua: relevan\u021ba <strong>titlului; <\/strong>con\u021binutul <strong>rezumatul<\/strong>;<strong>\u00a0actualitatea<\/strong>\u00a0problemei \u0219tiin\u021bifice; respectarea \u00a0<strong>coeren\u021bei logice<\/strong>\u00a0\u00een prezent\u0103ri, descrieri, analize;<strong>\u00a0noutatea <\/strong>\u0219i<strong>\u00a0originalitatea<\/strong>\u00a0rezultatelor ob\u0163inute;<strong>\u00a0valoarea teoretic\u0103 <\/strong>sau <strong>aplicativ\u0103 <\/strong>a investiga\u021biei;<strong>\u00a0respectarea stilului \u0219tiin\u021bific <\/strong>\u0219i a <strong>limbajului tehnic<\/strong>;<strong>\u00a0relevan\u021ba concluziilor<\/strong>; <strong>relevan\u021ba surselor bibliografice<\/strong>; <strong>r<\/strong><strong>espectarea cerin\u0163elor tehnice;<\/strong><\/p>\n<p>Rezultatul evalu\u0103rii va fi expedia editorului \u0219i va indica gradul de acceptare:\u00a0<strong>Excelent<\/strong>, <strong>Bine<\/strong>, <strong>Acceptabil<\/strong>, <strong>\u00centors pentru refacere<\/strong>, <strong>Respins<\/strong>.<\/p>\n<p><\/p>","protected":false},"excerpt":{"rendered":"<p>Colegiul de redac\u021bie al fiec\u0103rei serii a Revistei este responsabil de organizarea procesului de recenzare a articolelor. Fiecare articol ajuns la redac\u021bie este \u00eenregistrat, este trimis responsabilului de verificare prin sistemul antiplagiat, dup\u0103 care este trimis c\u0103tre doi exper\u021bi din domeniul cercet\u0103rii spre recenzare. Secretarul de redac\u021bie transmite autorilor obiec\u021biile \u0219i sugestiile recenzen\u021bilor, menite a&#8230;<\/p>\n","protected":false},"author":1,"featured_media":0,"parent":0,"menu_order":0,"comment_status":"closed","ping_status":"closed","template":"","meta":{"footnotes":""},"class_list":["post-298","page","type-page","status-publish","hentry"],"_links":{"self":[{"href":"https:\/\/economy.studiamsu.md\/en\/wp-json\/wp\/v2\/pages\/298","targetHints":{"allow":["GET"]}}],"collection":[{"href":"https:\/\/economy.studiamsu.md\/en\/wp-json\/wp\/v2\/pages"}],"about":[{"href":"https:\/\/economy.studiamsu.md\/en\/wp-json\/wp\/v2\/types\/page"}],"author":[{"embeddable":true,"href":"https:\/\/economy.studiamsu.md\/en\/wp-json\/wp\/v2\/users\/1"}],"replies":[{"embeddable":true,"href":"https:\/\/economy.studiamsu.md\/en\/wp-json\/wp\/v2\/comments?post=298"}],"version-history":[{"count":3,"href":"https:\/\/economy.studiamsu.md\/en\/wp-json\/wp\/v2\/pages\/298\/revisions"}],"predecessor-version":[{"id":335,"href":"https:\/\/economy.studiamsu.md\/en\/wp-json\/wp\/v2\/pages\/298\/revisions\/335"}],"wp:attachment":[{"href":"https:\/\/economy.studiamsu.md\/en\/wp-json\/wp\/v2\/media?parent=298"}],"curies":[{"name":"wp","href":"https:\/\/api.w.org\/{rel}","templated":true}]}}